{"id":440,"date":"2018-02-07T15:21:51","date_gmt":"2018-02-07T14:21:51","guid":{"rendered":"https:\/\/rosaantica.it\/?page_id=440"},"modified":"2025-11-06T17:15:39","modified_gmt":"2025-11-06T16:15:39","slug":"home-agriturismo-rosa-antica-ancona","status":"publish","type":"page","link":"https:\/\/rosaantica.it\/de\/","title":{"rendered":"Home Agriturismo Rosa Antica, Ancona"},"content":{"rendered":"[mk_page_section bg_position=&#8220;center bottom&#8220; bg_repeat=&#8220;no-repeat&#8220; bg_stretch=&#8220;true&#8220; enable_3d=&#8220;true&#8220; js_vertical_centered=&#8220;true&#8220; padding_top=&#8220;0&#8243; padding_bottom=&#8220;&#8220; sidebar=&#8220;sidebar-1&#8243;][vc_column][mk_revslider id=&#8220;home&#8220;][\/vc_column][\/mk_page_section][vc_row css=&#8220;.vc_custom_1507817637400{margin-top: 30px !important;margin-bottom: 30px !important;}&#8220;][vc_column width=&#8220;1\/3&#8243;][mk_icon_box2 icon_size=&#8220;48&#8243; icon=&#8220;mk-li-calendar&#8220; icon_color=&#8220;#ce6672&#8243; icon_hover_color=&#8220;#ffffff&#8220; icon_hover_background_color=&#8220;#ce6672&#8243; title=&#8220;Jetzt buchen&#8220; title_size=&#8220;26&#8243; title_color=&#8220;#ce6672&#8243; read_more_url=&#8220;https:\/\/rosaantica.it\/de\/unterkuenfte\/#prenota&#8220;]Verf\u00fcgbarkeit anfragen[\/mk_icon_box2][\/vc_column][vc_column width=&#8220;1\/3&#8243;][mk_icon_box2 icon_size=&#8220;48&#8243; icon=&#8220;mk-li-call&#8220; icon_color=&#8220;#ce6672&#8243; icon_hover_color=&#8220;#ffffff&#8220; icon_hover_background_color=&#8220;#ce6672&#8243; title=&#8220; Kontaktieren Sie uns&#8220; title_size=&#8220;26&#8243; title_color=&#8220;#ce6672&#8243; read_more_url=&#8220;tel:+393317931058&#8243;]+39 331 7931058[\/mk_icon_box2][\/vc_column][vc_column width=&#8220;1\/3&#8243;][mk_icon_box2 icon_size=&#8220;48&#8243; icon=&#8220;mk-li-pinmap&#8220; icon_color=&#8220;#ce6672&#8243; icon_hover_color=&#8220;#ffffff&#8220; icon_hover_background_color=&#8220;#ce6672&#8243; title=&#8220;Wo sind wir&#8220; title_size=&#8220;26&#8243; title_color=&#8220;#ce6672&#8243; read_more_url=&#8220;https:\/\/goo.gl\/maps\/hhkYzcjBtco&#8220; link_target=&#8220;_blank&#8220;]Monte San Vito, Marken[\/mk_icon_box2][\/vc_column][\/vc_row][vc_row][vc_column][vc_column_text align=&#8220;center&#8220; css=&#8220;.vc_custom_1612508602441{margin-top: 20px !important;margin-right: 10px !important;margin-bottom: 10px !important;margin-left: 10px !important;padding-top: 10px !important;padding-right: 10px !important;padding-bottom: 10px !important;padding-left: 10px !important;background-color: rgba(255,255,255,0.8) !important;*background-color: rgb(255,255,255) !important;}&#8220;]\n<h2>Willkommen im Agriturismo Rosa Antica.<br \/>\nUnser Agriturismo befindet sich in der Provinz Ancona, Hauptstadt der wundersch\u00f6nen Region Marken.<\/h2>\n[\/vc_column_text][\/vc_column][\/vc_row][vc_row][vc_column width=&#8220;1\/3&#8243;][mk_image src=&#8220;https:\/\/rosaantica.it\/wp-content\/uploads\/2017\/10\/2020-letto.jpg&#8220; image_size=&#8220;full&#8220; lightbox=&#8220;true&#8220;][mk_image src=&#8220;https:\/\/rosaantica.it\/wp-content\/uploads\/2017\/10\/2020-camera.jpg&#8220; image_size=&#8220;full&#8220; lightbox=&#8220;true&#8220;][mk_image src=&#8220;https:\/\/rosaantica.it\/wp-content\/uploads\/2017\/10\/h_2020_camere_1_900.jpg&#8220; image_size=&#8220;full&#8220; lightbox=&#8220;true&#8220;][mk_image src=&#8220;https:\/\/rosaantica.it\/wp-content\/uploads\/2017\/10\/h_2020_camere_2_900.jpg&#8220; image_size=&#8220;full&#8220; lightbox=&#8220;true&#8220;][mk_image src=&#8220;https:\/\/rosaantica.it\/wp-content\/uploads\/2025\/11\/mare-home-4.jpg&#8220; image_size=&#8220;full&#8220; lightbox=&#8220;true&#8220;][\/vc_column][vc_column width=&#8220;1\/3&#8243;][mk_image src=&#8220;https:\/\/rosaantica.it\/wp-content\/uploads\/2025\/11\/piscina-home.jpg&#8220; image_size=&#8220;full&#8220; lightbox=&#8220;true&#8220;][mk_image src=&#8220;https:\/\/rosaantica.it\/wp-content\/uploads\/2017\/10\/2020_piscina_tramonto.jpeg&#8220; image_size=&#8220;full&#8220; lightbox=&#8220;true&#8220;][mk_image src=&#8220;https:\/\/rosaantica.it\/wp-content\/uploads\/2017\/10\/h_2020_piscina_3_900.jpg&#8220; image_size=&#8220;full&#8220; lightbox=&#8220;true&#8220;][mk_image src=&#8220;https:\/\/rosaantica.it\/wp-content\/uploads\/2025\/11\/home-monte-san-vito.jpg&#8220; image_size=&#8220;full&#8220; lightbox=&#8220;true&#8220;][mk_image src=&#8220;https:\/\/rosaantica.it\/wp-content\/uploads\/2025\/11\/mare-home-5.jpg&#8220; image_size=&#8220;full&#8220; lightbox=&#8220;true&#8220;][\/vc_column][vc_column width=&#8220;1\/3&#8243;][mk_image src=&#8220;https:\/\/rosaantica.it\/wp-content\/uploads\/2025\/11\/giardino-rosa-antica-900-600.jpg&#8220; image_size=&#8220;full&#8220; lightbox=&#8220;true&#8220;][mk_image src=&#8220;https:\/\/rosaantica.it\/wp-content\/uploads\/2025\/11\/rosa-antica-2025-b.jpg&#8220; image_size=&#8220;full&#8220; lightbox=&#8220;true&#8220;][mk_image src=&#8220;https:\/\/rosaantica.it\/wp-content\/uploads\/2025\/11\/rosa-antica-2025-a.jpg&#8220; image_size=&#8220;full&#8220; lightbox=&#8220;true&#8220;][mk_image src=&#8220;https:\/\/rosaantica.it\/wp-content\/uploads\/2025\/11\/rosa-antica-2025-c.jpg&#8220; image_size=&#8220;full&#8220; lightbox=&#8220;true&#8220;][mk_image src=&#8220;https:\/\/rosaantica.it\/wp-content\/uploads\/2025\/11\/mare-home-3.jpg&#8220; image_size=&#8220;full&#8220; lightbox=&#8220;true&#8220;][\/vc_column][\/vc_row][vc_row][vc_column width=&#8220;1\/3&#8243;][mk_image src=&#8220;https:\/\/rosaantica.it\/wp-content\/uploads\/2017\/10\/2020-borgo.jpg&#8220; image_size=&#8220;full&#8220; lightbox=&#8220;true&#8220;][\/vc_column][vc_column width=&#8220;1\/3&#8243;][mk_image src=&#8220;https:\/\/rosaantica.it\/wp-content\/uploads\/2017\/10\/2020-mare.jpg&#8220; image_size=&#8220;full&#8220; lightbox=&#8220;true&#8220;][\/vc_column][vc_column width=&#8220;1\/3&#8243;][mk_image src=&#8220;https:\/\/rosaantica.it\/wp-content\/uploads\/2025\/11\/giardino-rosa-antica.jpg&#8220; image_size=&#8220;full&#8220; lightbox=&#8220;true&#8220;][\/vc_column][\/vc_row][vc_row css=&#8220;.vc_custom_1578563796096{background-color: #dedede !important;}&#8220;][vc_column][vc_column_text align=&#8220;center&#8220; css=&#8220;.vc_custom_1578567244225{margin-bottom: 0px !important;background-color: #dedede !important;}&#8220;]<strong>Neu<\/strong>: SPA \/ Wellness mit Sauna und beheiztem Whirlpool[\/vc_column_text][\/vc_column][\/vc_row][vc_row css=&#8220;.vc_custom_1578563796096{background-color: #dedede !important;}&#8220;][vc_column width=&#8220;1\/2&#8243;][mk_image src=&#8220;https:\/\/rosaantica.it\/wp-content\/uploads\/2017\/10\/2020-idromassaggio.jpg&#8220; image_size=&#8220;full&#8220; lightbox=&#8220;true&#8220;][mk_image src=&#8220;https:\/\/rosaantica.it\/wp-content\/uploads\/2017\/10\/h_2020_spa_1_900.jpg&#8220; image_size=&#8220;full&#8220; lightbox=&#8220;true&#8220;][\/vc_column][vc_column width=&#8220;1\/2&#8243;][mk_image src=&#8220;https:\/\/rosaantica.it\/wp-content\/uploads\/2017\/10\/h_2020_spa_2_900.jpg&#8220; image_size=&#8220;full&#8220; lightbox=&#8220;true&#8220;][mk_image src=&#8220;https:\/\/rosaantica.it\/wp-content\/uploads\/2017\/10\/h_2020_spa_4_900.jpg&#8220; image_size=&#8220;full&#8220; lightbox=&#8220;true&#8220;][\/vc_column][\/vc_row][vc_row][vc_column width=&#8220;1\/3&#8243;][vc_empty_space height=&#8220;15&#8243;][mk_button size=&#8220;large&#8220; icon=&#8220;mk-icon-chevron-circle-right&#8220; icon_anim=&#8220;side&#8220; url=&#8220;\/de\/unterkuenfte\/&#8220; el_class=&#8220;bottonetuttoschermo&#8220;]Unsere Appartements[\/mk_button][\/vc_column][vc_column width=&#8220;2\/3&#8243;][vc_column_text css=&#8220;.vc_custom_1519368845953{margin-top: 20px !important;margin-right: 10px !important;margin-bottom: 10px !important;margin-left: 10px !important;padding-top: 10px !important;padding-right: 10px !important;padding-bottom: 10px !important;padding-left: 10px !important;background-color: rgba(255,255,255,0.8) !important;*background-color: rgb(255,255,255) !important;}&#8220;]\n<h5>Wir sind Patrick und Maria und haben uns in diese Region verliebt.<\/h5>\n<p>Wir sind deutscher und italienischer Herkunft,\u00a0geboren und aufgewachsen in der Schweiz und haben beschlossen aus der Schweiz nach Monte San Vito zu ziehen. Hier haben wir ein altes Bauernhaus gekauft und von Grund auf neu restauriert. <strong>Das Haus ist von ca. 3 ha Land umgeben, welches wir mit Leidenschaft bewirtschaften.<\/strong> Diese Leidenschaft m\u00f6chten wir mit all jenen teilen, welche unsere G\u00e4ste sein m\u00f6chten.[\/vc_column_text][\/vc_column][\/vc_row][vc_row][vc_column width=&#8220;1\/2&#8243;][vc_column_text css=&#8220;.vc_custom_1519632112187{margin-top: 20px !important;margin-right: 10px !important;margin-bottom: 10px !important;margin-left: 10px !important;padding-top: 10px !important;padding-right: 10px !important;padding-bottom: 10px !important;padding-left: 10px !important;background-color: rgba(255,255,255,0.8) !important;*background-color: rgb(255,255,255) !important;}&#8220;]\n<h3>Wir bieten Ihnen 9 komfortable Appartements, welche mit Klimaanlage oder Ventilatoren und K\u00fcchen ausgestattet sind.<\/h3>\n<p>Die Appartements verf\u00fcgen unter anderem \u00fcber eine <strong>Terrasse<\/strong> oder <strong>Gartensitzplatz<\/strong> von welchen aus Sie die Sicht auf die <strong>Apenninen<\/strong> oder das <strong>Meer<\/strong> geniessen k\u00f6nnen.<\/p>\n<h4>F\u00fcr Ihren totalen Relax bietet wir Ihnen in der Rosa Antica einen wundersch\u00f6nen und grossen Pool, welcher den G\u00e4sten zur Verf\u00fcgung steht.<\/h4>\n<p>Auch f\u00fcr die <strong>Kleinsten<\/strong> ist gesorgt. Auf unserem gut ausgestatteten <strong>Spielplatz im Freien<\/strong> werden die Kinder sich vergn\u00fcgen k\u00f6nnen.<\/p>\n<p><em>Unser Agriturismo befindet sich nur 10 Gehminuten vom historischen Zentrum von Monte San Vito entfernt. Dort finden Sie Einkaufsm\u00f6glichkeiten, Restaurants und Bars.<\/em>[\/vc_column_text][\/vc_column][vc_column width=&#8220;1\/2&#8243;][vc_empty_space height=&#8220;15&#8243;][mk_image src=&#8220;https:\/\/rosaantica.it\/wp-content\/uploads\/2017\/10\/2.jpg&#8220; image_size=&#8220;full&#8220; align=&#8220;center&#8220;][\/vc_column][\/vc_row][vc_row css=&#8220;.vc_custom_1507817637400{margin-top: 30px !important;margin-bottom: 30px !important;}&#8220;][vc_column width=&#8220;1\/3&#8243;][mk_image src=&#8220;https:\/\/rosaantica.it\/wp-content\/uploads\/2017\/10\/foto-temporanea-4b.jpg&#8220; image_size=&#8220;full&#8220; link=&#8220;https:\/\/rosaantica.it\/de\/wer-sind-wir\/&#8220; align=&#8220;center&#8220;][vc_column_text css=&#8220;.vc_custom_1519719654013{margin-bottom: 0px !important;}&#8220;]\n<h3><a href=\"https:\/\/rosaantica.it\/de\/wer-sind-wir\/\">Unsere Familie<\/a><\/h3>\n<p>Wir sind aus der Schweiz in die Region Marken gezogen um dem Wunsch unseren Lebensstil zu ver\u00e4ndern nachzukommen&#8230; (erfahren Sie mehr)[\/vc_column_text][\/vc_column][vc_column width=&#8220;1\/3&#8243;][mk_image src=&#8220;https:\/\/rosaantica.it\/wp-content\/uploads\/2017\/10\/foto-temporanea-4c.jpg&#8220; image_size=&#8220;full&#8220; link=&#8220;https:\/\/rosaantica.it\/de\/die-struktur\/&#8220; align=&#8220;center&#8220;][vc_column_text css=&#8220;.vc_custom_1519715614415{margin-bottom: 0px !important;}&#8220;]\n<h3><a href=\"https:\/\/rosaantica.it\/de\/die-struktur\/\">Der Bauernbetrieb<\/a><\/h3>\n<p>Olivenb\u00e4ume, Fruchtb\u00e4ume (Pfirsiche, Aprikosen, Kakis, Kirschen, Orangen ecc. ), eine wundervolle Artischockenplantage\u2026 (erfahren Sie mehr)[\/vc_column_text][\/vc_column][vc_column width=&#8220;1\/3&#8243;][mk_image src=&#8220;https:\/\/rosaantica.it\/wp-content\/uploads\/2017\/10\/foto-temporanea-4a.jpg&#8220; image_size=&#8220;full&#8220; link=&#8220;https:\/\/rosaantica.it\/de\/le-marche\/&#8220; align=&#8220;center&#8220;][vc_column_text css=&#8220;.vc_custom_1519715638493{margin-bottom: 0px !important;}&#8220;]\n<h3><a href=\"https:\/\/rosaantica.it\/de\/le-marche\/\">Die Marken<\/a><\/h3>\n<p>Vom Meer bis zu den Bergen, von den T\u00e4lern bis zu den H\u00fcgeln, Kultur und Natur, Vergn\u00fcgen und Relax\u2026(erfahren Sie mehr)[\/vc_column_text][\/vc_column][\/vc_row][vc_row][vc_column][mk_button dimension=&#8220;two&#8220; corner_style=&#8220;rounded&#8220; size=&#8220;large&#8220; icon=&#8220;mk-icon-calendar&#8220; url=&#8220;https:\/\/rosaantica.it\/de\/unterkuenfte\/#prenota&#8220; align=&#8220;center&#8220;]Buchen Sie jetzt[\/mk_button][vc_column_text css=&#8220;.vc_custom_1518014986484{margin-bottom: 0px !important;}&#8220;]\n<h3>Service<\/h3>\n<h3>\r\n\t\t\t\t\t\n\r\n\t\t\t\t\t<!-- START UNITE GALLERY 1.7.44 -->\r\n\t\t\t\t\t\r\n\t\t\t\t\n\t\t\t<div id='unitegallery_1_1' class='unite-gallery' style='margin:0px auto;'>\n\t\t\t\t\n\n\t\t\t\t\t\t<img decoding=\"async\" alt=\"piscina\"\n\t\t\t\t\t\t     src=\"\" data-image=\"https:\/\/rosaantica.it\/wp-content\/uploads\/2017\/11\/ic-piscina.png\"\n\t\t\t\t\t\t     data-thumb=\"https:\/\/rosaantica.it\/wp-content\/uploads\/2017\/11\/ic-piscina-300x300.png\"\n\t\t\t\t\t\t     title=\"\"\n\t\t\t\t\t\t     style=\"display:none\">\n\n\t\t\t\t\t\t<img decoding=\"async\" alt=\"piscina\"\n\t\t\t\t\t\t     src=\"\" data-image=\"https:\/\/rosaantica.it\/wp-content\/uploads\/2017\/11\/ic-ombrellone.png\"\n\t\t\t\t\t\t     data-thumb=\"https:\/\/rosaantica.it\/wp-content\/uploads\/2017\/11\/ic-ombrellone-300x300.png\"\n\t\t\t\t\t\t     title=\"\"\n\t\t\t\t\t\t     style=\"display:none\">\n\n\t\t\t\t\t\t<img decoding=\"async\" alt=\"wi-fi\"\n\t\t\t\t\t\t     src=\"\" data-image=\"https:\/\/rosaantica.it\/wp-content\/uploads\/2017\/11\/ic-wifi.png\"\n\t\t\t\t\t\t     data-thumb=\"https:\/\/rosaantica.it\/wp-content\/uploads\/2017\/11\/ic-wifi-300x300.png\"\n\t\t\t\t\t\t     title=\"\"\n\t\t\t\t\t\t     style=\"display:none\">\n\n\t\t\t\t\t\t<img decoding=\"async\" alt=\"posto auto\"\n\t\t\t\t\t\t     src=\"\" data-image=\"https:\/\/rosaantica.it\/wp-content\/uploads\/2017\/11\/ic-parcheggio.png\"\n\t\t\t\t\t\t     data-thumb=\"https:\/\/rosaantica.it\/wp-content\/uploads\/2017\/11\/ic-parcheggio-300x300.png\"\n\t\t\t\t\t\t     title=\"\"\n\t\t\t\t\t\t     style=\"display:none\">\n\n\t\t\t\t\t\t<img decoding=\"async\" alt=\"parco giochi\"\n\t\t\t\t\t\t     src=\"\" data-image=\"https:\/\/rosaantica.it\/wp-content\/uploads\/2017\/11\/ic-giochi.png\"\n\t\t\t\t\t\t     data-thumb=\"https:\/\/rosaantica.it\/wp-content\/uploads\/2017\/11\/ic-giochi-300x300.png\"\n\t\t\t\t\t\t     title=\"\"\n\t\t\t\t\t\t     style=\"display:none\">\n\n\t\t\t\t\t\t<img decoding=\"async\" alt=\"animali domestici ammessi\"\n\t\t\t\t\t\t     src=\"\" data-image=\"https:\/\/rosaantica.it\/wp-content\/uploads\/2017\/11\/ic-animali.png\"\n\t\t\t\t\t\t     data-thumb=\"https:\/\/rosaantica.it\/wp-content\/uploads\/2017\/11\/ic-animali-300x300.png\"\n\t\t\t\t\t\t     title=\"Pets Allowed\"\n\t\t\t\t\t\t     style=\"display:none\">\n\n\t\t\t\t\t\t<img decoding=\"async\" alt=\"biancheria\"\n\t\t\t\t\t\t     src=\"\" data-image=\"https:\/\/rosaantica.it\/wp-content\/uploads\/2017\/11\/ic-asciugamani.png\"\n\t\t\t\t\t\t     data-thumb=\"https:\/\/rosaantica.it\/wp-content\/uploads\/2017\/11\/ic-asciugamani-300x300.png\"\n\t\t\t\t\t\t     title=\"\"\n\t\t\t\t\t\t     style=\"display:none\">\n\n\t\t\t\t\t\t<img decoding=\"async\" alt=\"aria condizionata o ventilatore\"\n\t\t\t\t\t\t     src=\"\" data-image=\"https:\/\/rosaantica.it\/wp-content\/uploads\/2017\/11\/ic-aria-condizionata.png\"\n\t\t\t\t\t\t     data-thumb=\"https:\/\/rosaantica.it\/wp-content\/uploads\/2017\/11\/ic-aria-condizionata-300x300.png\"\n\t\t\t\t\t\t     title=\"\"\n\t\t\t\t\t\t     style=\"display:none\">\n\n\t\t\t\t\t\t<img decoding=\"async\" alt=\"accesso disabili\"\n\t\t\t\t\t\t     src=\"\" data-image=\"https:\/\/rosaantica.it\/wp-content\/uploads\/2017\/11\/ic-disabili.png\"\n\t\t\t\t\t\t     data-thumb=\"https:\/\/rosaantica.it\/wp-content\/uploads\/2017\/11\/ic-disabili-300x300.png\"\n\t\t\t\t\t\t     title=\"\"\n\t\t\t\t\t\t     style=\"display:none\">\n\n\t\t\t\t\t\t<img decoding=\"async\" alt=\"gazebo o veranda in camera\"\n\t\t\t\t\t\t     src=\"\" data-image=\"https:\/\/rosaantica.it\/wp-content\/uploads\/2017\/11\/ic-gazebo.png\"\n\t\t\t\t\t\t     data-thumb=\"https:\/\/rosaantica.it\/wp-content\/uploads\/2017\/11\/ic-gazebo-300x300.png\"\n\t\t\t\t\t\t     title=\"\"\n\t\t\t\t\t\t     style=\"display:none\">\n\n\t\t\t\t\t\t<img decoding=\"async\" alt=\"culla su richiesta\"\n\t\t\t\t\t\t     src=\"\" data-image=\"https:\/\/rosaantica.it\/wp-content\/uploads\/2017\/11\/ic-lettino.png\"\n\t\t\t\t\t\t     data-thumb=\"https:\/\/rosaantica.it\/wp-content\/uploads\/2017\/11\/ic-lettino-300x300.png\"\n\t\t\t\t\t\t     title=\"\"\n\t\t\t\t\t\t     style=\"display:none\">\n\n\t\t\t\t\t\t<img decoding=\"async\" alt=\"letto aggiuntivo su richiesta\"\n\t\t\t\t\t\t     src=\"\" data-image=\"https:\/\/rosaantica.it\/wp-content\/uploads\/2017\/11\/ic-letto.png\"\n\t\t\t\t\t\t     data-thumb=\"https:\/\/rosaantica.it\/wp-content\/uploads\/2017\/11\/ic-letto-300x300.png\"\n\t\t\t\t\t\t     title=\"\"\n\t\t\t\t\t\t     style=\"display:none\">\n\n\t\t\t\t\t\t<img decoding=\"async\" alt=\"pulizia finale compresa\"\n\t\t\t\t\t\t     src=\"\" data-image=\"https:\/\/rosaantica.it\/wp-content\/uploads\/2017\/11\/ic-pulizia.png\"\n\t\t\t\t\t\t     data-thumb=\"https:\/\/rosaantica.it\/wp-content\/uploads\/2017\/11\/ic-pulizia-300x300.png\"\n\t\t\t\t\t\t     title=\"\"\n\t\t\t\t\t\t     style=\"display:none\">\n\n\t\t\t\t\t\t<img decoding=\"async\" alt=\"cambio biancheria su richiesta\"\n\t\t\t\t\t\t     src=\"\" data-image=\"https:\/\/rosaantica.it\/wp-content\/uploads\/2017\/11\/ic-pulizie.png\"\n\t\t\t\t\t\t     data-thumb=\"https:\/\/rosaantica.it\/wp-content\/uploads\/2017\/11\/ic-pulizie-300x300.png\"\n\t\t\t\t\t\t     title=\"\"\n\t\t\t\t\t\t     style=\"display:none\">\n\t\t\t<\/div>\n\n\t\t\t<script type='text\/javascript'>\n\t\t\t\twindow.onload = function(e) {\n\t\t\t\t\tif(typeof ugCheckForErrors == \"undefined\"){\n\t\t\t\t\t\tdocument.getElementById(\"unitegallery_1_1\").innerHTML = \"<span style='color:red'>Unite Gallery Error - gallery js and css files not included in the footer. Please make sure that wp_footer() function is added to your theme.<\/span>\";}\n\t\t\t\t\telse{ ugCheckForErrors(\"unitegallery_1_1\", \"jquery\");}\n\t\t\t\t};\n\t\t\t<\/script>\n\n\t\t\t<!-- END UNITEGALLERY --><\/h3>\n[\/vc_column_text][\/vc_column][\/vc_row]\n","protected":false},"excerpt":{"rendered":"<p>[mk_page_section bg_position=&#8220;center bottom&#8220; bg_repeat=&#8220;no-repeat&#8220; bg_stretch=&#8220;true&#8220; enable_3d=&#8220;true&#8220; js_vertical_centered=&#8220;true&#8220; padding_top=&#8220;0&#8243; padding_bottom=&#8220;&#8220; sidebar=&#8220;sidebar-1&#8243;][vc_column][mk_revslider id=&#8220;home&#8220;][\/vc_column][\/mk_page_section][vc_row css=&#8220;.vc_custom_1507817637400{margin-top: 30px !important;margin-bottom: 30px !important;}&#8220;][vc_column width=&#8220;1\/3&#8243;][mk_icon_box2 icon_size=&#8220;48&#8243; icon=&#8220;mk-li-calendar&#8220; icon_color=&#8220;#ce6672&#8243; icon_hover_color=&#8220;#ffffff&#8220; icon_hover_background_color=&#8220;#ce6672&#8243; title=&#8220;Jetzt buchen&#8220; title_size=&#8220;26&#8243; title_color=&#8220;#ce6672&#8243; read_more_url=&#8220;https:\/\/rosaantica.it\/de\/unterkuenfte\/#prenota&#8220;]Verf\u00fcgbarkeit anfragen[\/mk_icon_box2][\/vc_column][vc_column width=&#8220;1\/3&#8243;][mk_icon_box2 icon_size=&#8220;48&#8243; icon=&#8220;mk-li-call&#8220; icon_color=&#8220;#ce6672&#8243; icon_hover_color=&#8220;#ffffff&#8220; icon_hover_background_color=&#8220;#ce6672&#8243; title=&#8220; Kontaktieren Sie uns&#8220; title_size=&#8220;26&#8243; title_color=&#8220;#ce6672&#8243; read_more_url=&#8220;tel:+393317931058&#8243;]+39 331 7931058[\/mk_icon_box2][\/vc_column][vc_column width=&#8220;1\/3&#8243;][mk_icon_box2 icon_size=&#8220;48&#8243; icon=&#8220;mk-li-pinmap&#8220; icon_color=&#8220;#ce6672&#8243; icon_hover_color=&#8220;#ffffff&#8220; icon_hover_background_color=&#8220;#ce6672&#8243; title=&#8220;Wo sind wir&#8220; title_size=&#8220;26&#8243; title_color=&#8220;#ce6672&#8243; read_more_url=&#8220;https:\/\/goo.gl\/maps\/hhkYzcjBtco&#8220; [&hellip;]<\/p>\n","protected":false},"author":3,"featured_media":0,"parent":0,"menu_order":0,"comment_status":"closed","ping_status":"open","template":"","meta":{"_monsterinsights_skip_tracking":false,"_monsterinsights_sitenote_active":false,"_monsterinsights_sitenote_note":"","_monsterinsights_sitenote_category":0,"footnotes":""},"class_list":["post-440","page","type-page","status-publish","hentry"],"_links":{"self":[{"href":"https:\/\/rosaantica.it\/de\/wp-json\/wp\/v2\/pages\/440","targetHints":{"allow":["GET"]}}],"collection":[{"href":"https:\/\/rosaantica.it\/de\/wp-json\/wp\/v2\/pages"}],"about":[{"href":"https:\/\/rosaantica.it\/de\/wp-json\/wp\/v2\/types\/page"}],"author":[{"embeddable":true,"href":"https:\/\/rosaantica.it\/de\/wp-json\/wp\/v2\/users\/3"}],"replies":[{"embeddable":true,"href":"https:\/\/rosaantica.it\/de\/wp-json\/wp\/v2\/comments?post=440"}],"version-history":[{"count":43,"href":"https:\/\/rosaantica.it\/de\/wp-json\/wp\/v2\/pages\/440\/revisions"}],"predecessor-version":[{"id":2999,"href":"https:\/\/rosaantica.it\/de\/wp-json\/wp\/v2\/pages\/440\/revisions\/2999"}],"wp:attachment":[{"href":"https:\/\/rosaantica.it\/de\/wp-json\/wp\/v2\/media?parent=440"}],"curies":[{"name":"wp","href":"https:\/\/api.w.org\/{rel}","templated":true}]}}