{"id":451,"date":"2018-02-07T15:53:49","date_gmt":"2018-02-07T14:53:49","guid":{"rendered":"https:\/\/rosaantica.it\/?page_id=451"},"modified":"2020-11-12T10:08:08","modified_gmt":"2020-11-12T09:08:08","slug":"die-struktur","status":"publish","type":"page","link":"https:\/\/rosaantica.it\/de\/die-struktur\/","title":{"rendered":"Die Struktur"},"content":{"rendered":"[mk_page_section padding_top=&#8220;0&#8243; sidebar=&#8220;sidebar-1&#8243;][vc_column][mk_revslider id=&#8220;home&#8220;][\/vc_column][\/mk_page_section][mk_page_section sidebar=&#8220;sidebar-1&#8243;][vc_column width=&#8220;1\/2&#8243;][vc_column_text css=&#8220;.vc_custom_1605172086499{margin-bottom: 0px !important;}&#8220;]\n<h3>Der Agriturismo Rosa Antica stellt Seinen G\u00e4sten 9 Appartements zur Vef\u00fcgung aufgeteilt auf das renovierte Bauernhaus und die Neubauten.<\/h3>\n<p>Jedes Appartement verf\u00fcgt \u00fcber eine\u00a0<strong>Klimaanlage<\/strong> oder einen Ventilator, vollst\u00e4ndig ausgestattete <strong>K\u00fcche<\/strong> und privater <strong>Terrasse<\/strong> oder <strong>Gartensitzplatz<\/strong>. Jedes Appartement verf\u00fcgt zus\u00e4tzlich \u00fcber einen <strong>eigenen Grill<\/strong>, damit Sie mit Ihrer Familie oder mit Freunden gem\u00fctliche Grillabende verbrinden k\u00f6nnen.<\/p>\n<h5><strong>Der grossz\u00fcgige Pool (5 m x 15 m) ausgestattet mit Sonnenschirmen und Liegest\u00fchlen steht unseren G\u00e4sten zur Verf\u00fcgung.<\/strong><\/h5>\n<p><img loading=\"lazy\" decoding=\"async\" class=\"aligncenter size-full wp-image-1363\" src=\"https:\/\/rosaantica.it\/wp-content\/uploads\/2017\/10\/piscina-struttura.jpg\" alt=\"\" width=\"900\" height=\"600\" srcset=\"https:\/\/rosaantica.it\/wp-content\/uploads\/2017\/10\/piscina-struttura.jpg 900w, https:\/\/rosaantica.it\/wp-content\/uploads\/2017\/10\/piscina-struttura-300x200.jpg 300w, https:\/\/rosaantica.it\/wp-content\/uploads\/2017\/10\/piscina-struttura-768x512.jpg 768w\" sizes=\"auto, (max-width: 900px) 100vw, 900px\" \/>Der Agriturismo ist umgeben von ca. 3 Ha Land, welches im Besitz unserer Familie ist.<\/p>\n<p>Geniessen Sie die Ruhe zwischen oder unter unseren Obst- (Pfirsiche, Aprikosen, Kaki, Kirschen, Apfel, Orangen ecc.) und Olivenb\u00e4umen oder machen Sie einen gem\u00fctlichen kleinen Rundgang an unserem Seelein vorbei wo Sie gelegentlich unseren Enten oder G\u00e4nsen beim Baden zusehen k\u00f6nnen. Unsere G\u00e4ste haben die M\u00f6glichkeit unsere selbst angebauten Produkte (Gem\u00fcse und Fr\u00fcchte der Saison) direkt ab Hof zu beziehen.<\/p>\n<p>F\u00fcr die Kleinsten haben wir einen Spielplatz im Freien eingerichtet wo auch Fussball, Volleyball oder Badminton gespielt werden kann.[\/vc_column_text][\/vc_column][vc_column width=&#8220;1\/2&#8243;][vc_column_text css=&#8220;.vc_custom_1517985130706{margin-bottom: 0px !important;}&#8220;]\r\n\t\t\t\t\t\n\r\n\t\t\t\t\t<!-- START UNITE GALLERY 1.7.44 -->\r\n\t\t\t\t\t\r\n\t\t\t\t\n\t\t\t<div id='unitegallery_5_1' class='unite-gallery' style='margin:0px auto;'>\n\t\t\t\t\n\n\t\t\t\t\t\t<img decoding=\"async\" alt=\"img_20201103_105115\"\n\t\t\t\t\t\t     src=\"\" data-image=\"https:\/\/rosaantica.it\/wp-content\/uploads\/2020\/11\/img_20201103_105115.jpg\"\n\t\t\t\t\t\t     data-thumb=\"https:\/\/rosaantica.it\/wp-content\/uploads\/2020\/11\/img_20201103_105115-225x300.jpg\"\n\t\t\t\t\t\t     title=\"\"\n\t\t\t\t\t\t     style=\"display:none\">\n\n\t\t\t\t\t\t<img decoding=\"async\" alt=\"img_20200929_170248_018\"\n\t\t\t\t\t\t     src=\"\" data-image=\"https:\/\/rosaantica.it\/wp-content\/uploads\/2020\/11\/img_20200929_170248_018.jpg\"\n\t\t\t\t\t\t     data-thumb=\"https:\/\/rosaantica.it\/wp-content\/uploads\/2020\/11\/img_20200929_170248_018-300x243.jpg\"\n\t\t\t\t\t\t     title=\"\"\n\t\t\t\t\t\t     style=\"display:none\">\n\n\t\t\t\t\t\t<img decoding=\"async\" alt=\"a-agriturismo-prodotti-tipici-marchigiani\"\n\t\t\t\t\t\t     src=\"\" data-image=\"https:\/\/rosaantica.it\/wp-content\/uploads\/2020\/01\/a-agriturismo-prodotti-tipici-marchigiani.jpg\"\n\t\t\t\t\t\t     data-thumb=\"https:\/\/rosaantica.it\/wp-content\/uploads\/2020\/01\/a-agriturismo-prodotti-tipici-marchigiani-240x300.jpg\"\n\t\t\t\t\t\t     title=\"\"\n\t\t\t\t\t\t     style=\"display:none\">\n\n\t\t\t\t\t\t<img decoding=\"async\" alt=\"galleria-chi-siamo-10\"\n\t\t\t\t\t\t     src=\"\" data-image=\"https:\/\/rosaantica.it\/wp-content\/uploads\/2017\/11\/galleria-chi-siamo-10.jpg\"\n\t\t\t\t\t\t     data-thumb=\"https:\/\/rosaantica.it\/wp-content\/uploads\/2017\/11\/galleria-chi-siamo-10-247x300.jpg\"\n\t\t\t\t\t\t     title=\"\"\n\t\t\t\t\t\t     style=\"display:none\">\n\n\t\t\t\t\t\t<img decoding=\"async\" alt=\"agriturismo-ancona-1\"\n\t\t\t\t\t\t     src=\"\" data-image=\"https:\/\/rosaantica.it\/wp-content\/uploads\/2018\/02\/agriturismo-ancona-1.jpg\"\n\t\t\t\t\t\t     data-thumb=\"https:\/\/rosaantica.it\/wp-content\/uploads\/2018\/02\/agriturismo-ancona-1-148x300.jpg\"\n\t\t\t\t\t\t     title=\"\"\n\t\t\t\t\t\t     style=\"display:none\">\n\n\t\t\t\t\t\t<img decoding=\"async\" alt=\"agriturismo-campagna-marchigiana\"\n\t\t\t\t\t\t     src=\"\" data-image=\"https:\/\/rosaantica.it\/wp-content\/uploads\/2018\/02\/agriturismo-campagna-marchigiana.jpg\"\n\t\t\t\t\t\t     data-thumb=\"https:\/\/rosaantica.it\/wp-content\/uploads\/2018\/02\/agriturismo-campagna-marchigiana-300x169.jpg\"\n\t\t\t\t\t\t     title=\"\"\n\t\t\t\t\t\t     style=\"display:none\">\n\n\t\t\t\t\t\t<img decoding=\"async\" alt=\"agriturismo-italia-centrale-relax\"\n\t\t\t\t\t\t     src=\"\" data-image=\"https:\/\/rosaantica.it\/wp-content\/uploads\/2018\/02\/agriturismo-italia-centrale-relax.jpg\"\n\t\t\t\t\t\t     data-thumb=\"https:\/\/rosaantica.it\/wp-content\/uploads\/2018\/02\/agriturismo-italia-centrale-relax-170x300.jpg\"\n\t\t\t\t\t\t     title=\"\"\n\t\t\t\t\t\t     style=\"display:none\">\n\n\t\t\t\t\t\t<img decoding=\"async\" alt=\"agriturismo-produzione-olio-2\"\n\t\t\t\t\t\t     src=\"\" data-image=\"https:\/\/rosaantica.it\/wp-content\/uploads\/2018\/02\/agriturismo-produzione-olio-2.jpg\"\n\t\t\t\t\t\t     data-thumb=\"https:\/\/rosaantica.it\/wp-content\/uploads\/2018\/02\/agriturismo-produzione-olio-2-300x215.jpg\"\n\t\t\t\t\t\t     title=\"\"\n\t\t\t\t\t\t     style=\"display:none\">\n\n\t\t\t\t\t\t<img decoding=\"async\" alt=\"agriturismo-produzione-olio\"\n\t\t\t\t\t\t     src=\"\" data-image=\"https:\/\/rosaantica.it\/wp-content\/uploads\/2018\/02\/agriturismo-produzione-olio.jpg\"\n\t\t\t\t\t\t     data-thumb=\"https:\/\/rosaantica.it\/wp-content\/uploads\/2018\/02\/agriturismo-produzione-olio-169x300.jpg\"\n\t\t\t\t\t\t     title=\"\"\n\t\t\t\t\t\t     style=\"display:none\">\n\t\t\t<\/div>\n\n\t\t\t<script type='text\/javascript'>\n\t\t\t\twindow.onload = function(e) {\n\t\t\t\t\tif(typeof ugCheckForErrors == \"undefined\"){\n\t\t\t\t\t\tdocument.getElementById(\"unitegallery_5_1\").innerHTML = \"<span style='color:red'>Unite Gallery Error - gallery js and css files not included in the footer. Please make sure that wp_footer() function is added to your theme.<\/span>\";}\n\t\t\t\t\telse{ ugCheckForErrors(\"unitegallery_5_1\", \"jquery\");}\n\t\t\t\t};\n\t\t\t<\/script>\n\n\t\t\t<!-- END UNITEGALLERY -->[\/vc_column_text][\/vc_column][\/mk_page_section][vc_row][vc_column][mk_button dimension=&#8220;flat&#8220; corner_style=&#8220;rounded&#8220; size=&#8220;large&#8220; icon=&#8220;mk-moon-bubble-heart&#8220; url=&#8220;https:\/\/rosaantica.it\/de\/unterkuenfte\/#prenota&#8220; align=&#8220;center&#8220; animation=&#8220;fade-in&#8220;]Buchen Sie jetzt, Infos anfordern[\/mk_button][\/vc_column][\/vc_row]\n","protected":false},"excerpt":{"rendered":"<p>[mk_page_section padding_top=&#8220;0&#8243; sidebar=&#8220;sidebar-1&#8243;][vc_column][mk_revslider id=&#8220;home&#8220;][\/vc_column][\/mk_page_section][mk_page_section sidebar=&#8220;sidebar-1&#8243;][vc_column width=&#8220;1\/2&#8243;][vc_column_text css=&#8220;.vc_custom_1605172086499{margin-bottom: 0px !important;}&#8220;] Der Agriturismo Rosa Antica stellt Seinen G\u00e4sten 9 Appartements zur Vef\u00fcgung aufgeteilt auf das renovierte Bauernhaus und die Neubauten. Jedes Appartement verf\u00fcgt \u00fcber eine\u00a0Klimaanlage oder einen Ventilator, vollst\u00e4ndig ausgestattete K\u00fcche und privater Terrasse oder Gartensitzplatz. Jedes Appartement verf\u00fcgt zus\u00e4tzlich \u00fcber einen eigenen Grill, damit Sie mit [&hellip;]<\/p>\n","protected":false},"author":3,"featured_media":0,"parent":0,"menu_order":0,"comment_status":"closed","ping_status":"closed","template":"","meta":{"_monsterinsights_skip_tracking":false,"_monsterinsights_sitenote_active":false,"_monsterinsights_sitenote_note":"","_monsterinsights_sitenote_category":0,"footnotes":""},"class_list":["post-451","page","type-page","status-publish","hentry"],"_links":{"self":[{"href":"https:\/\/rosaantica.it\/de\/wp-json\/wp\/v2\/pages\/451","targetHints":{"allow":["GET"]}}],"collection":[{"href":"https:\/\/rosaantica.it\/de\/wp-json\/wp\/v2\/pages"}],"about":[{"href":"https:\/\/rosaantica.it\/de\/wp-json\/wp\/v2\/types\/page"}],"author":[{"embeddable":true,"href":"https:\/\/rosaantica.it\/de\/wp-json\/wp\/v2\/users\/3"}],"replies":[{"embeddable":true,"href":"https:\/\/rosaantica.it\/de\/wp-json\/wp\/v2\/comments?post=451"}],"version-history":[{"count":11,"href":"https:\/\/rosaantica.it\/de\/wp-json\/wp\/v2\/pages\/451\/revisions"}],"predecessor-version":[{"id":1396,"href":"https:\/\/rosaantica.it\/de\/wp-json\/wp\/v2\/pages\/451\/revisions\/1396"}],"wp:attachment":[{"href":"https:\/\/rosaantica.it\/de\/wp-json\/wp\/v2\/media?parent=451"}],"curies":[{"name":"wp","href":"https:\/\/api.w.org\/{rel}","templated":true}]}}